{"id":10552,"date":"2023-03-24T11:33:38","date_gmt":"2023-03-24T11:33:38","guid":{"rendered":"https:\/\/www.binnacledata.com\/?page_id=10552"},"modified":"2023-08-03T09:15:53","modified_gmt":"2023-08-03T09:15:53","slug":"politica-de-privacidad","status":"publish","type":"page","link":"https:\/\/www.binnacledata.com\/es\/politica-de-privacidad\/","title":{"rendered":"Pol\u00edtica de Privacidad"},"content":{"rendered":"\n<h2 class=\"wp-block-heading\"><strong>POL\u00cdTICA DE PRIVACIDAD Y DE SEGURIDAD DE LOS DATOS<\/strong><\/h2>\n\n\n\n<p>BINNACLE cumple con las directrices recogidas en la legislaci\u00f3n en materia de protecci\u00f3n de datos, y en particular con el Reglamento UE 2016\/679, del Parlamento Europeo y del Consejo, de 27 de abril; y, con la Ley Org\u00e1nica 3\/2018, de 5 de diciembre, de Protecci\u00f3n de Datos Personales y garant\u00eda de los derechos digitales.<\/p>\n\n\n\n<p>En cumplimiento de la normativa espa\u00f1ola y europea en protecci\u00f3n de datos personales, se informa que los datos personales que sean facilitados de forma voluntaria por el usuario ser\u00e1n tratados por BINNACLE, en calidad de Responsable del Tratamiento, cuyos datos son:<\/p>\n\n\n\n<ul class=\"wp-block-list\">\n<li>Direcci\u00f3n: R\u00faa Telleira 11 \u2013 Entresuelo, Ourense.<\/li>\n\n\n\n<li>N.I.F.: B-32318354<\/li>\n\n\n\n<li>E-mail: info@binnacledata.com<\/li>\n<\/ul>\n\n\n\n<p>BINNACLE se compromete al cumplimiento de su obligaci\u00f3n de secreto de los datos de car\u00e1cter personal y de su deber de guardarlos de forma confidencial y adoptar\u00e1 las medidas necesarias para evitar su alteraci\u00f3n, p\u00e9rdida, tratamiento o acceso no autorizado. Por ello, ha implantado todas las medidas de seguridad t\u00e9cnicas y organizativas necesarias que garanticen la integridad, confidencialidad y disponibilidad de los datos personales facilitados por el usuario, habida cuenta en todo momento del estado de la tecnolog\u00eda.<\/p>\n\n\n\n<h2 class=\"wp-block-heading\"><strong>CONFIDENCIALIDAD Y PROTECCI\u00d3N DE DATOS DE CAR\u00c1CTER PERSONAL<\/strong><\/h2>\n\n\n\n<p>Los datos personales de contacto que nos facilite voluntariamente ser\u00e1n tratados por BINNACLE de manera confidencial, sometida a la protecci\u00f3n y las especificaciones contenidas en la normativa de protecci\u00f3n de datos y, en especial, al Reglamento (EU) 2016\/679 del Parlamento Europeo y del Consejo, del 27 de abril de 2016, relativo a la protecci\u00f3n de las personas f\u00edsicas en lo que respeta al tratamiento de datos personales y a la libre circulaci\u00f3n de estos datos y por el que se deroga la Directiva 95\/46\/CE y cuyo recabo es necesario al objeto del env\u00edo de informaci\u00f3n, respuesta a consultas y contactos gen\u00e9ricos mediante el correo electr\u00f3nico.<\/p>\n\n\n\n<p><u>Finalidades, en su caso, de BINNACLE como Responsable del Tratamiento:<\/u><\/p>\n\n\n\n<ul class=\"wp-block-list\">\n<li>La gesti\u00f3n de usuarios para acceder al servicio proporcionado por BINNACLE.<\/li>\n\n\n\n<li>La gesti\u00f3n de usuarios que soliciten informaci\u00f3n.<\/li>\n\n\n\n<li>La gesti\u00f3n de usuarios que dejen comentario.<\/li>\n<\/ul>\n\n\n\n<p>La categor\u00eda de los datos tratados corresponder\u00e1 a: datos identificativos (identificaci\u00f3n de la persona, incluyendo el nombre, apellidos, DNI\/NIF), y\/o datos de contacto (e \u2013 mail, n\u00famero de tel\u00e9fono).<\/p>\n\n\n\n<p><u>Finalidades, en su caso, de BINNACLE como Encargado del Tratamiento:<\/u><\/p>\n\n\n\n<p>Si el usuario suscribe el contrato SaaS puesto a disposici\u00f3n por BINNACLE para recibir la prestaci\u00f3n de la herramienta de software, BINNACLE tendr\u00e1 la consideraci\u00f3n de Encargado del Tratamiento con las siguientes finalidades.<\/p>\n\n\n\n<ul class=\"wp-block-list\">\n<li>La gesti\u00f3n de las altas para la contrataci\u00f3n del servicio ofrecido por BINNACLE.<\/li>\n\n\n\n<li>La extracci\u00f3n de datos proporcionados por CLIENTES desde m\u00faltiples fuentes de origen propiedad, o responsabilidad, del CLIENTE.<\/li>\n\n\n\n<li>El almacenamiento de la informaci\u00f3n extra\u00edda de las m\u00faltiples fuentes de origen proporcionadas por el cliente.<\/li>\n\n\n\n<li>El procesamiento de dicha informaci\u00f3n con el objetivo de proporcionar funcionalidades de an\u00e1lisis de negocio digital y la presentaci\u00f3n de la informaci\u00f3n en gr\u00e1ficos, dashboards y herramientas de an\u00e1lisis de negocio a los usuarios.<\/li>\n\n\n\n<li>La informaci\u00f3n extra\u00edda de las fuentes de datos de cada CLIENTE se almacena en una base de datos exclusiva para cada CLIENTE, y los datos s\u00f3lo son accesibles por los usuarios asociados de dicho CLIENTE<\/li>\n\n\n\n<li>Las funcionalidades de tratamiento de datos podr\u00e1n evolucionar a lo largo del tiempo, tanto con la inclusi\u00f3n de nuevas funcionalidades, evoluci\u00f3n de las actuales o eliminaci\u00f3n de las existentes bajo la exclusiva consideraci\u00f3n de Binnacle. Sin que esto conlleve responsabilidad alguna para Binnacle.<\/li>\n<\/ul>\n\n\n\n<p>La categor\u00eda de los datos tratados corresponder\u00e1 a: datos identificativos (identificaci\u00f3n de la persona, incluyendo el nombre, apellidos, DNI\/NIF), datos de contacto (e\u2013mail, n\u00famero de tel\u00e9fono) y\/o datos econ\u00f3micos.<\/p>\n\n\n\n<p>A la hora de prestar el servicio al CLIENTE, BINNACLE procesa datos en su nombre. Si bien BINNACLE no recopila informaci\u00f3n personal de forma intencionada, es posible que la informaci\u00f3n que el CLIENTE proporciona a BINNACLE incluya informaci\u00f3n personal. BINNACLE procesa cualquier informaci\u00f3n personal incluida dentro de esos datos de conformidad con los acuerdos pactados con el CLIENTE. BINNACLE no tiene una relaci\u00f3n directa con las personas (clientes del CLIENTE de BINNACLE), cuyos datos personales se procesan en el curso de la prestaci\u00f3n del servicio a su CLIENTE. Si el cliente del CLIENTE de BINNACLE desea obtener informaci\u00f3n sobre el procesamiento de su informaci\u00f3n personal debe comunicarse directamente con el CLIENTE de BINNACLE, no con BINNACLE, que es con quien interact\u00faa.<\/p>\n\n\n\n<p>Cabe precisar que BINNACLE dispone de conectores de fuentes de datos que le permiten extraer datos de inversi\u00f3n publicitaria de las APIs de Google Ads, Meta Ads y Bing Ads. La extracci\u00f3n de datos en estas plataformas se limita de forma exclusiva a informaci\u00f3n de rendimiento de publicidad digital en anuncios y campa\u00f1as de forma diaria e hist\u00f3rica. BINNACLE extrae esta informaci\u00f3n y la almacena en sus propios servidores. Esta informaci\u00f3n se usa exclusivamente para la generaci\u00f3n y visualizaci\u00f3n de informes de inversi\u00f3n publicitaria y an\u00e1lisis del rendimiento de la inversi\u00f3n. La informaci\u00f3n de cada CLIENTE se almacena en una base de datos exclusiva para cada CLIENTE, y los datos solo son accesibles por los usuarios asociados de dicho CLIENTE. En ning\u00fan caso se incluye informaci\u00f3n personal.<\/p>\n\n\n\n<p>BINNACLE no recopila de forma intencionada, ni permite al CLIENTE que le env\u00ede, informaci\u00f3n personal confidencial como, por ejemplo, el n\u00famero de la Seguridad Social, datos gen\u00e9ticos, informaci\u00f3n de saludo o informaci\u00f3n religiosa, entre otros.<\/p>\n\n\n\n<p>En todo caso, el tratamiento llevado a cabo responde exclusivamente a estos fines establecidos anteriormente y correspondientes a la categor\u00eda de datos que fueron requeridos, estando BINNACLE legitimado por el consentimiento que expresamente se otorga al aceptar esta&nbsp;<strong><u>Pol\u00edtica de Privacidad<\/u><\/strong>.<\/p>\n\n\n\n<p>De igual forma le informamos de que sus datos ser\u00e1n conservados durante el tiempo necesario para cumplir con las obligaciones legales o mientras no se ejerciten los derechos de cancelaci\u00f3n u oposici\u00f3n y\/o revoque el consentimiento.<\/p>\n\n\n\n<p>En caso de establecerse alg\u00fan tipo de relaci\u00f3n comercial, la legitimaci\u00f3n para el tratamiento de datos ser\u00e1 la contractual y el inter\u00e9s leg\u00edtimo del responsable (Mercadotecnia). En otro caso ser\u00e1 el consentimiento expreso que usted nos otorga al ceder sus datos; dicho consentimiento puede ser revocado en cualquier momento sin efectos retroactivos.<\/p>\n\n\n\n<p>BINNACLE ha adoptado las medidas t\u00e9cnicas necesarias para mantener el nivel de seguridad requerido, seg\u00fan la naturaleza de los datos personales tratados y las circunstancias del tratamiento, con el objeto de evitar, en la medida de lo posible y siempre seg\u00fan el estado de la t\u00e9cnica, su alteraci\u00f3n, p\u00e9rdida, tratamiento o acceso no autorizado.<\/p>\n\n\n\n<ul class=\"wp-block-list\">\n<li>En este sentido, BINNACLE garantiza el ejercicio de los derechos de acceso, modificaci\u00f3n rectificaci\u00f3n, cancelaci\u00f3n o supresi\u00f3n, oposici\u00f3n y a la limitaci\u00f3n de su tratamiento, as\u00ed como a la portabilidad de los datos, dirigi\u00e9ndose por escrito al Responsable a la R\u00faa Telleira 11, entresuelo, Ourense o la siguiente direcci\u00f3n e\u2013mail: <a href=\"mailto:info@binnacledata.com\" target=\"_blank\" rel=\"noreferrer noopener nofollow\">info@binnacledata.com<\/a>, adjuntando en ambos caso copia del DNI a efectos de comprobaci\u00f3n.<\/li>\n<\/ul>\n\n\n\n<p>Asimismo, se le recuerda que tambi\u00e9n tiene derecho a presentar una reclamaci\u00f3n ante la Agencia Espa\u00f1ola de Protecci\u00f3n de Datos (<a href=\"http:\/\/www.aepd.es\" target=\"_blank\" rel=\"noreferrer noopener nofollow\">www.aepd.es<\/a>)<\/p>\n\n\n\n<div id=\"servicios-api-google\" class=\"wp-block-group\"><div class=\"wp-block-group__inner-container is-layout-constrained wp-block-group-is-layout-constrained\">\n<h2 class=\"wp-block-heading\"><strong>USO LIMITADO DE DATOS DE SERVICIOS API DE GOOGLE<\/strong><\/h2>\n\n\n\n<p>El uso de Binnacle Data y la transferencia a cualquier otra aplicaci\u00f3n de la informaci\u00f3n recibida de las API de Google cumplir\u00e1n con la <a href=\"https:\/\/developers.google.com\/terms\/api-services-user-data-policy\">Pol\u00edtica de datos de usuario de los servicios de API de Google<\/a>, incluidos los requisitos de uso limitado.<\/p>\n<\/div><\/div>\n\n\n\n<h2 class=\"wp-block-heading\"><strong>IDIOMA DEL COMPENDIO DE CL\u00c1USULAS<\/strong><\/h2>\n\n\n\n<p>El clausulado que aqu\u00ed se recoge se ha desarrollado y configurado en espa\u00f1ol, por lo que, en caso de que se traduzca a cualquier otro idioma, el espa\u00f1ol prevalecer\u00e1 sobre los dem\u00e1s en caso de disputa, ya que es la forma original en la cual se ha redactado el compendio de cl\u00e1usulas.<\/p>\n\n\n\n<p>Puede consultar la Pol\u00edtica de Privacidad en su versi\u00f3n original en espa\u00f1ol en el siguiente enlace: <a href=\"https:\/\/www.binnacledata.com\/es\/politica-de-privacidad\/\">https:\/\/www.binnacledata.com\/es\/politica-de-privacidad\/<\/a><\/p>\n\n\n\n<p><\/p>\n","protected":false},"excerpt":{"rendered":"<p>POL\u00cdTICA DE PRIVACIDAD Y DE SEGURIDAD DE LOS DATOS BINNACLE cumple con las directrices recogidas en la legislaci\u00f3n en materia de protecci\u00f3n de datos, y en particular con el Reglamento UE 2016\/679, del Parlamento Europeo y del Consejo, de 27 de abril; y, con la Ley Org\u00e1nica 3\/2018, de 5 de diciembre, de Protecci\u00f3n de [&hellip;]<\/p>\n","protected":false},"author":1,"featured_media":0,"parent":0,"menu_order":0,"comment_status":"closed","ping_status":"closed","template":"","meta":{"_acf_changed":false,"footnotes":""},"class_list":["post-10552","page","type-page","status-publish","hentry"],"acf":[],"yoast_head":"<!-- This site is optimized with the Yoast SEO plugin v26.2 - https:\/\/yoast.com\/wordpress\/plugins\/seo\/ -->\n<title>Pol\u00edtica de Privacidad | Binnacle Data<\/title>\n<meta name=\"robots\" content=\"index, follow, max-snippet:-1, max-image-preview:large, max-video-preview:-1\" \/>\n<link rel=\"canonical\" href=\"https:\/\/www.binnacledata.com\/es\/politica-de-privacidad\/\" \/>\n<meta property=\"og:locale\" content=\"es_ES\" \/>\n<meta property=\"og:type\" content=\"article\" \/>\n<meta property=\"og:title\" content=\"Pol\u00edtica de Privacidad | Binnacle Data\" \/>\n<meta property=\"og:description\" content=\"POL\u00cdTICA DE PRIVACIDAD Y DE SEGURIDAD DE LOS DATOS BINNACLE cumple con las directrices recogidas en la legislaci\u00f3n en materia de protecci\u00f3n de datos, y en particular con el Reglamento UE 2016\/679, del Parlamento Europeo y del Consejo, de 27 de abril; y, con la Ley Org\u00e1nica 3\/2018, de 5 de diciembre, de Protecci\u00f3n de [&hellip;]\" \/>\n<meta property=\"og:url\" content=\"https:\/\/www.binnacledata.com\/es\/politica-de-privacidad\/\" \/>\n<meta property=\"og:site_name\" content=\"Binnacle Data\" \/>\n<meta property=\"article:modified_time\" content=\"2023-08-03T09:15:53+00:00\" \/>\n<meta property=\"og:image\" content=\"https:\/\/www.binnacledata.com\/wp-content\/uploads\/2022\/12\/logo.png\" \/>\n\t<meta property=\"og:image:width\" content=\"190\" \/>\n\t<meta property=\"og:image:height\" content=\"54\" \/>\n\t<meta property=\"og:image:type\" content=\"image\/png\" \/>\n<meta name=\"twitter:card\" content=\"summary_large_image\" \/>\n<meta name=\"twitter:label1\" content=\"Tiempo de lectura\" \/>\n\t<meta name=\"twitter:data1\" content=\"6 minutos\" \/>\n<script type=\"application\/ld+json\" class=\"yoast-schema-graph\">{\"@context\":\"https:\/\/schema.org\",\"@graph\":[{\"@type\":\"WebPage\",\"@id\":\"https:\/\/www.binnacledata.com\/es\/politica-de-privacidad\/\",\"url\":\"https:\/\/www.binnacledata.com\/es\/politica-de-privacidad\/\",\"name\":\"Pol\u00edtica de Privacidad | Binnacle Data\",\"isPartOf\":{\"@id\":\"https:\/\/www.binnacledata.com\/es\/#website\"},\"datePublished\":\"2023-03-24T11:33:38+00:00\",\"dateModified\":\"2023-08-03T09:15:53+00:00\",\"breadcrumb\":{\"@id\":\"https:\/\/www.binnacledata.com\/es\/politica-de-privacidad\/#breadcrumb\"},\"inLanguage\":\"es\",\"potentialAction\":[{\"@type\":\"ReadAction\",\"target\":[\"https:\/\/www.binnacledata.com\/es\/politica-de-privacidad\/\"]}]},{\"@type\":\"BreadcrumbList\",\"@id\":\"https:\/\/www.binnacledata.com\/es\/politica-de-privacidad\/#breadcrumb\",\"itemListElement\":[{\"@type\":\"ListItem\",\"position\":1,\"name\":\"Home\",\"item\":\"https:\/\/www.binnacledata.com\/es\/\"},{\"@type\":\"ListItem\",\"position\":2,\"name\":\"Pol\u00edtica de Privacidad\"}]},{\"@type\":\"WebSite\",\"@id\":\"https:\/\/www.binnacledata.com\/es\/#website\",\"url\":\"https:\/\/www.binnacledata.com\/es\/\",\"name\":\"Binnacle Data\",\"description\":\"\",\"publisher\":{\"@id\":\"https:\/\/www.binnacledata.com\/es\/#organization\"},\"alternateName\":\"Binnacle\",\"potentialAction\":[{\"@type\":\"SearchAction\",\"target\":{\"@type\":\"EntryPoint\",\"urlTemplate\":\"https:\/\/www.binnacledata.com\/es\/?s={search_term_string}\"},\"query-input\":{\"@type\":\"PropertyValueSpecification\",\"valueRequired\":true,\"valueName\":\"search_term_string\"}}],\"inLanguage\":\"es\"},{\"@type\":\"Organization\",\"@id\":\"https:\/\/www.binnacledata.com\/es\/#organization\",\"name\":\"Binnacle Data\",\"alternateName\":\"Binnacle\",\"url\":\"https:\/\/www.binnacledata.com\/es\/\",\"logo\":{\"@type\":\"ImageObject\",\"inLanguage\":\"es\",\"@id\":\"https:\/\/www.binnacledata.com\/es\/#\/schema\/logo\/image\/\",\"url\":\"https:\/\/www.binnacledata.com\/wp-content\/uploads\/2022\/12\/logo.png\",\"contentUrl\":\"https:\/\/www.binnacledata.com\/wp-content\/uploads\/2022\/12\/logo.png\",\"width\":190,\"height\":54,\"caption\":\"Binnacle Data\"},\"image\":{\"@id\":\"https:\/\/www.binnacledata.com\/es\/#\/schema\/logo\/image\/\"},\"sameAs\":[\"https:\/\/www.instagram.com\/redegal_sl\/\",\"https:\/\/linkedin.com\/company\/redegal\",\"https:\/\/www.youtube.com\/channel\/UCDXwbtEULPIYV2I1ugDzeUw\"]}]}<\/script>\n<!-- \/ Yoast SEO plugin. -->","yoast_head_json":{"title":"Pol\u00edtica de Privacidad | Binnacle Data","robots":{"index":"index","follow":"follow","max-snippet":"max-snippet:-1","max-image-preview":"max-image-preview:large","max-video-preview":"max-video-preview:-1"},"canonical":"https:\/\/www.binnacledata.com\/es\/politica-de-privacidad\/","og_locale":"es_ES","og_type":"article","og_title":"Pol\u00edtica de Privacidad | Binnacle Data","og_description":"POL\u00cdTICA DE PRIVACIDAD Y DE SEGURIDAD DE LOS DATOS BINNACLE cumple con las directrices recogidas en la legislaci\u00f3n en materia de protecci\u00f3n de datos, y en particular con el Reglamento UE 2016\/679, del Parlamento Europeo y del Consejo, de 27 de abril; y, con la Ley Org\u00e1nica 3\/2018, de 5 de diciembre, de Protecci\u00f3n de [&hellip;]","og_url":"https:\/\/www.binnacledata.com\/es\/politica-de-privacidad\/","og_site_name":"Binnacle Data","article_modified_time":"2023-08-03T09:15:53+00:00","og_image":[{"width":190,"height":54,"url":"https:\/\/www.binnacledata.com\/wp-content\/uploads\/2022\/12\/logo.png","type":"image\/png"}],"twitter_card":"summary_large_image","twitter_misc":{"Tiempo de lectura":"6 minutos"},"schema":{"@context":"https:\/\/schema.org","@graph":[{"@type":"WebPage","@id":"https:\/\/www.binnacledata.com\/es\/politica-de-privacidad\/","url":"https:\/\/www.binnacledata.com\/es\/politica-de-privacidad\/","name":"Pol\u00edtica de Privacidad | Binnacle Data","isPartOf":{"@id":"https:\/\/www.binnacledata.com\/es\/#website"},"datePublished":"2023-03-24T11:33:38+00:00","dateModified":"2023-08-03T09:15:53+00:00","breadcrumb":{"@id":"https:\/\/www.binnacledata.com\/es\/politica-de-privacidad\/#breadcrumb"},"inLanguage":"es","potentialAction":[{"@type":"ReadAction","target":["https:\/\/www.binnacledata.com\/es\/politica-de-privacidad\/"]}]},{"@type":"BreadcrumbList","@id":"https:\/\/www.binnacledata.com\/es\/politica-de-privacidad\/#breadcrumb","itemListElement":[{"@type":"ListItem","position":1,"name":"Home","item":"https:\/\/www.binnacledata.com\/es\/"},{"@type":"ListItem","position":2,"name":"Pol\u00edtica de Privacidad"}]},{"@type":"WebSite","@id":"https:\/\/www.binnacledata.com\/es\/#website","url":"https:\/\/www.binnacledata.com\/es\/","name":"Binnacle Data","description":"","publisher":{"@id":"https:\/\/www.binnacledata.com\/es\/#organization"},"alternateName":"Binnacle","potentialAction":[{"@type":"SearchAction","target":{"@type":"EntryPoint","urlTemplate":"https:\/\/www.binnacledata.com\/es\/?s={search_term_string}"},"query-input":{"@type":"PropertyValueSpecification","valueRequired":true,"valueName":"search_term_string"}}],"inLanguage":"es"},{"@type":"Organization","@id":"https:\/\/www.binnacledata.com\/es\/#organization","name":"Binnacle Data","alternateName":"Binnacle","url":"https:\/\/www.binnacledata.com\/es\/","logo":{"@type":"ImageObject","inLanguage":"es","@id":"https:\/\/www.binnacledata.com\/es\/#\/schema\/logo\/image\/","url":"https:\/\/www.binnacledata.com\/wp-content\/uploads\/2022\/12\/logo.png","contentUrl":"https:\/\/www.binnacledata.com\/wp-content\/uploads\/2022\/12\/logo.png","width":190,"height":54,"caption":"Binnacle Data"},"image":{"@id":"https:\/\/www.binnacledata.com\/es\/#\/schema\/logo\/image\/"},"sameAs":["https:\/\/www.instagram.com\/redegal_sl\/","https:\/\/linkedin.com\/company\/redegal","https:\/\/www.youtube.com\/channel\/UCDXwbtEULPIYV2I1ugDzeUw"]}]}},"_links":{"self":[{"href":"https:\/\/www.binnacledata.com\/es\/wp-json\/wp\/v2\/pages\/10552","targetHints":{"allow":["GET"]}}],"collection":[{"href":"https:\/\/www.binnacledata.com\/es\/wp-json\/wp\/v2\/pages"}],"about":[{"href":"https:\/\/www.binnacledata.com\/es\/wp-json\/wp\/v2\/types\/page"}],"author":[{"embeddable":true,"href":"https:\/\/www.binnacledata.com\/es\/wp-json\/wp\/v2\/users\/1"}],"replies":[{"embeddable":true,"href":"https:\/\/www.binnacledata.com\/es\/wp-json\/wp\/v2\/comments?post=10552"}],"version-history":[{"count":9,"href":"https:\/\/www.binnacledata.com\/es\/wp-json\/wp\/v2\/pages\/10552\/revisions"}],"predecessor-version":[{"id":10727,"href":"https:\/\/www.binnacledata.com\/es\/wp-json\/wp\/v2\/pages\/10552\/revisions\/10727"}],"wp:attachment":[{"href":"https:\/\/www.binnacledata.com\/es\/wp-json\/wp\/v2\/media?parent=10552"}],"curies":[{"name":"wp","href":"https:\/\/api.w.org\/{rel}","templated":true}]}}